{"id":20011,"date":"2025-07-30T11:02:14","date_gmt":"2025-07-30T11:02:14","guid":{"rendered":"https:\/\/ditchwitch-iberia.com\/ditch-witch-iberia\/"},"modified":"2025-09-24T15:32:10","modified_gmt":"2025-09-24T15:32:10","slug":"ditch-witch-iberia","status":"publish","type":"page","link":"https:\/\/ditchwitch-iberia.com\/pt-pt\/","title":{"rendered":"Ditch Witch Ib\u00e9ria"},"content":{"rendered":"\n<p>Somos o distribuidor exclusivo da Ditch Witch em Espanha, Portugal e Angola. Com as nossas escavadoras de valas, perfuradoras direcionais, localizadores de cabos e georradares, oferecemos solu\u00e7\u00f5es fi\u00e1veis para a constru\u00e7\u00e3o de infraestruturas subterr\u00e2neas.<\/p>\n\n<blockquote class=\"wp-block-quote is-layout-flow wp-block-quote-is-layout-flow\">\n<p>Ditch Witch Ib\u00e9ria. Somos o seu parceiro em infraestruturas subterr\u00e2neas<\/p>\n<\/blockquote>\n\n<div class=\"wp-block-buttons is-layout-flex wp-block-buttons-is-layout-flex\">\n<div class=\"wp-block-button\"><a class=\"wp-block-button__link wp-element-button\" href=\"https:\/\/ditchwitch-iberia.com\/equipos\/\">As nossas solu\u00e7\u00f5es<\/a><\/div>\n<\/div>\n\n<p><\/p>\n","protected":false},"excerpt":{"rendered":"<p>Somos o distribuidor exclusivo da Ditch Witch em Espanha, Portugal e Angola. Com as nossas escavadoras de valas, perfuradoras direcionais, localizadores de cabos e georradares, oferecemos solu\u00e7\u00f5es fi\u00e1veis para a constru\u00e7\u00e3o de infraestruturas subterr\u00e2neas. Ditch Witch Ib\u00e9ria. Somos o seu parceiro em infraestruturas subterr\u00e2neas<\/p>\n","protected":false},"author":1,"featured_media":0,"parent":0,"menu_order":0,"comment_status":"closed","ping_status":"closed","template":"","meta":{"_acf_changed":false,"footnotes":""},"class_list":["post-20011","page","type-page","status-publish","hentry"],"acf":[],"_links":{"self":[{"href":"https:\/\/ditchwitch-iberia.com\/pt-pt\/wp-json\/wp\/v2\/pages\/20011","targetHints":{"allow":["GET"]}}],"collection":[{"href":"https:\/\/ditchwitch-iberia.com\/pt-pt\/wp-json\/wp\/v2\/pages"}],"about":[{"href":"https:\/\/ditchwitch-iberia.com\/pt-pt\/wp-json\/wp\/v2\/types\/page"}],"author":[{"embeddable":true,"href":"https:\/\/ditchwitch-iberia.com\/pt-pt\/wp-json\/wp\/v2\/users\/1"}],"replies":[{"embeddable":true,"href":"https:\/\/ditchwitch-iberia.com\/pt-pt\/wp-json\/wp\/v2\/comments?post=20011"}],"version-history":[{"count":1,"href":"https:\/\/ditchwitch-iberia.com\/pt-pt\/wp-json\/wp\/v2\/pages\/20011\/revisions"}],"predecessor-version":[{"id":20012,"href":"https:\/\/ditchwitch-iberia.com\/pt-pt\/wp-json\/wp\/v2\/pages\/20011\/revisions\/20012"}],"wp:attachment":[{"href":"https:\/\/ditchwitch-iberia.com\/pt-pt\/wp-json\/wp\/v2\/media?parent=20011"}],"curies":[{"name":"wp","href":"https:\/\/api.w.org\/{rel}","templated":true}]}}