{"id":20057,"date":"2025-09-12T11:42:18","date_gmt":"2025-09-12T11:42:18","guid":{"rendered":"https:\/\/ditchwitch-iberia.com\/american-augers\/"},"modified":"2025-09-29T07:50:38","modified_gmt":"2025-09-29T07:50:38","slug":"american-augers","status":"publish","type":"page","link":"https:\/\/ditchwitch-iberia.com\/pt-pt\/american-augers\/","title":{"rendered":"American Augers"},"content":{"rendered":"\n<h4 class=\"wp-block-heading\">Solu\u00e7\u00f5es maxi-HDD e gest\u00e3o de lamas para travessias longas e condutas de grande di\u00e2metro<\/h4>\n\n\n\n<p>Quando a travessia \u00e9 longa e as toler\u00e2ncias s\u00e3o m\u00ednimas, precisa de equipamentos de n\u00edvel maxi e de um parceiro que o acompanhe do in\u00edcio ao fim. A Ditch Witch Iberia distribui e d\u00e1 suporte \u00e0 linha American Augers, combinando pot\u00eancia, fiabilidade e servi\u00e7o local para projetos HDD de alta exig\u00eancia em Espanha e Portugal.<br><\/p>\n\n\n\n<div class=\"wp-block-buttons is-layout-flex wp-block-buttons-is-layout-flex\">\n<div class=\"wp-block-button\"><a class=\"wp-block-button__link wp-element-button\">Visite o site<\/a><\/div>\n<\/div>\n","protected":false},"excerpt":{"rendered":"<p>Solu\u00e7\u00f5es maxi-HDD e gest\u00e3o de lamas para travessias longas e condutas de grande di\u00e2metro Quando a travessia \u00e9 longa e as toler\u00e2ncias s\u00e3o m\u00ednimas, precisa de equipamentos de n\u00edvel maxi e de um parceiro que o acompanhe do in\u00edcio ao fim. A Ditch Witch Iberia distribui e d\u00e1 suporte \u00e0 linha American Augers, combinando pot\u00eancia,&hellip;<\/p>\n","protected":false},"author":1,"featured_media":0,"parent":0,"menu_order":0,"comment_status":"closed","ping_status":"closed","template":"","meta":{"_acf_changed":false,"footnotes":""},"class_list":["post-20057","page","type-page","status-publish","hentry"],"acf":[],"_links":{"self":[{"href":"https:\/\/ditchwitch-iberia.com\/pt-pt\/wp-json\/wp\/v2\/pages\/20057","targetHints":{"allow":["GET"]}}],"collection":[{"href":"https:\/\/ditchwitch-iberia.com\/pt-pt\/wp-json\/wp\/v2\/pages"}],"about":[{"href":"https:\/\/ditchwitch-iberia.com\/pt-pt\/wp-json\/wp\/v2\/types\/page"}],"author":[{"embeddable":true,"href":"https:\/\/ditchwitch-iberia.com\/pt-pt\/wp-json\/wp\/v2\/users\/1"}],"replies":[{"embeddable":true,"href":"https:\/\/ditchwitch-iberia.com\/pt-pt\/wp-json\/wp\/v2\/comments?post=20057"}],"version-history":[{"count":6,"href":"https:\/\/ditchwitch-iberia.com\/pt-pt\/wp-json\/wp\/v2\/pages\/20057\/revisions"}],"predecessor-version":[{"id":20350,"href":"https:\/\/ditchwitch-iberia.com\/pt-pt\/wp-json\/wp\/v2\/pages\/20057\/revisions\/20350"}],"wp:attachment":[{"href":"https:\/\/ditchwitch-iberia.com\/pt-pt\/wp-json\/wp\/v2\/media?parent=20057"}],"curies":[{"name":"wp","href":"https:\/\/api.w.org\/{rel}","templated":true}]}}