{"id":20062,"date":"2025-08-27T08:34:28","date_gmt":"2025-08-27T08:34:28","guid":{"rendered":"https:\/\/ditchwitch-iberia.com\/equipamentos\/equipos-mezcladores\/"},"modified":"2025-11-04T14:08:17","modified_gmt":"2025-11-04T14:08:17","slug":"equipamentos-misturadores","status":"publish","type":"page","link":"https:\/\/ditchwitch-iberia.com\/pt-pt\/equipamentos\/equipamentos-misturadores\/","title":{"rendered":"Equipamentos misturadores"},"content":{"rendered":"\n<p>A linha atualizada de sistemas de gest\u00e3o de fluidos de perfura\u00e7\u00e3o da Ditch Witch estabelece o padr\u00e3o na ind\u00fastria de perfura\u00e7\u00e3o direcional horizontal (HDD). Estes sistemas renovados incorporam novas caracter\u00edsticas de design para atender aos altos n\u00edveis de produtividade em perfura\u00e7\u00e3o, aumentar o fluxo de fluido, melhorar a durabilidade e alcan\u00e7ar ciclos de mistura e tempos de produ\u00e7\u00e3o mais r\u00e1pidos.<\/p>\n\n\n\n<p><\/p>\n","protected":false},"excerpt":{"rendered":"<p>A linha atualizada de sistemas de gest\u00e3o de fluidos de perfura\u00e7\u00e3o da Ditch Witch estabelece o padr\u00e3o na ind\u00fastria de perfura\u00e7\u00e3o direcional horizontal (HDD). Estes sistemas renovados incorporam novas caracter\u00edsticas de design para atender aos altos n\u00edveis de produtividade em perfura\u00e7\u00e3o, aumentar o fluxo de fluido, melhorar a durabilidade e alcan\u00e7ar ciclos de mistura e&hellip;<\/p>\n","protected":false},"author":1,"featured_media":20043,"parent":20051,"menu_order":0,"comment_status":"closed","ping_status":"closed","template":"","meta":{"_acf_changed":false,"footnotes":""},"class_list":["post-20062","page","type-page","status-publish","has-post-thumbnail","hentry"],"acf":[],"_links":{"self":[{"href":"https:\/\/ditchwitch-iberia.com\/pt-pt\/wp-json\/wp\/v2\/pages\/20062","targetHints":{"allow":["GET"]}}],"collection":[{"href":"https:\/\/ditchwitch-iberia.com\/pt-pt\/wp-json\/wp\/v2\/pages"}],"about":[{"href":"https:\/\/ditchwitch-iberia.com\/pt-pt\/wp-json\/wp\/v2\/types\/page"}],"author":[{"embeddable":true,"href":"https:\/\/ditchwitch-iberia.com\/pt-pt\/wp-json\/wp\/v2\/users\/1"}],"replies":[{"embeddable":true,"href":"https:\/\/ditchwitch-iberia.com\/pt-pt\/wp-json\/wp\/v2\/comments?post=20062"}],"version-history":[{"count":3,"href":"https:\/\/ditchwitch-iberia.com\/pt-pt\/wp-json\/wp\/v2\/pages\/20062\/revisions"}],"predecessor-version":[{"id":20241,"href":"https:\/\/ditchwitch-iberia.com\/pt-pt\/wp-json\/wp\/v2\/pages\/20062\/revisions\/20241"}],"up":[{"embeddable":true,"href":"https:\/\/ditchwitch-iberia.com\/pt-pt\/wp-json\/wp\/v2\/pages\/20051"}],"wp:featuredmedia":[{"embeddable":true,"href":"https:\/\/ditchwitch-iberia.com\/pt-pt\/wp-json\/wp\/v2\/media\/20043"}],"wp:attachment":[{"href":"https:\/\/ditchwitch-iberia.com\/pt-pt\/wp-json\/wp\/v2\/media?parent=20062"}],"curies":[{"name":"wp","href":"https:\/\/api.w.org\/{rel}","templated":true}]}}