{"id":20064,"date":"2025-08-27T08:34:35","date_gmt":"2025-08-27T08:34:35","guid":{"rendered":"https:\/\/ditchwitch-iberia.com\/equipamentos\/aspiradora-de-excavacion\/"},"modified":"2025-11-04T14:07:35","modified_gmt":"2025-11-04T14:07:35","slug":"aspirador-de-escavacao","status":"publish","type":"page","link":"https:\/\/ditchwitch-iberia.com\/pt-pt\/equipamentos\/aspirador-de-escavacao\/","title":{"rendered":"Aspirador de escava\u00e7\u00e3o"},"content":{"rendered":"\n<p><br>Em zonas urbanas, os aspiradores de escava\u00e7\u00e3o garantem trabalhos seguros sobre redes subterr\u00e2neas. N\u00e3o \u00e9 necess\u00e1rio quebrar tubula\u00e7\u00f5es nem cortar cabos, evitando assim o uso de ferramentas de corte. Gra\u00e7as aos sistemas de aspira\u00e7\u00e3o da Ditch Witch\u00ae, \u00e9 poss\u00edvel trabalhar com rapidez, mesmo em espa\u00e7os reduzidos.<\/p>\n\n\n\n<p>Os caminh\u00f5es de aspira\u00e7\u00e3o da Ditch Witch\u00ae n\u00e3o s\u00e3o apenas os sistemas mais produtivos e vers\u00e1teis do mercado, mas tamb\u00e9m os mais silenciosos.<\/p>\n","protected":false},"excerpt":{"rendered":"<p>Em zonas urbanas, os aspiradores de escava\u00e7\u00e3o garantem trabalhos seguros sobre redes subterr\u00e2neas. N\u00e3o \u00e9 necess\u00e1rio quebrar tubula\u00e7\u00f5es nem cortar cabos, evitando assim o uso de ferramentas de corte. Gra\u00e7as aos sistemas de aspira\u00e7\u00e3o da Ditch Witch\u00ae, \u00e9 poss\u00edvel trabalhar com rapidez, mesmo em espa\u00e7os reduzidos. Os caminh\u00f5es de aspira\u00e7\u00e3o da Ditch Witch\u00ae n\u00e3o s\u00e3o&hellip;<\/p>\n","protected":false},"author":1,"featured_media":20044,"parent":20051,"menu_order":0,"comment_status":"closed","ping_status":"closed","template":"","meta":{"_acf_changed":false,"footnotes":""},"class_list":["post-20064","page","type-page","status-publish","has-post-thumbnail","hentry"],"acf":[],"_links":{"self":[{"href":"https:\/\/ditchwitch-iberia.com\/pt-pt\/wp-json\/wp\/v2\/pages\/20064","targetHints":{"allow":["GET"]}}],"collection":[{"href":"https:\/\/ditchwitch-iberia.com\/pt-pt\/wp-json\/wp\/v2\/pages"}],"about":[{"href":"https:\/\/ditchwitch-iberia.com\/pt-pt\/wp-json\/wp\/v2\/types\/page"}],"author":[{"embeddable":true,"href":"https:\/\/ditchwitch-iberia.com\/pt-pt\/wp-json\/wp\/v2\/users\/1"}],"replies":[{"embeddable":true,"href":"https:\/\/ditchwitch-iberia.com\/pt-pt\/wp-json\/wp\/v2\/comments?post=20064"}],"version-history":[{"count":3,"href":"https:\/\/ditchwitch-iberia.com\/pt-pt\/wp-json\/wp\/v2\/pages\/20064\/revisions"}],"predecessor-version":[{"id":20372,"href":"https:\/\/ditchwitch-iberia.com\/pt-pt\/wp-json\/wp\/v2\/pages\/20064\/revisions\/20372"}],"up":[{"embeddable":true,"href":"https:\/\/ditchwitch-iberia.com\/pt-pt\/wp-json\/wp\/v2\/pages\/20051"}],"wp:featuredmedia":[{"embeddable":true,"href":"https:\/\/ditchwitch-iberia.com\/pt-pt\/wp-json\/wp\/v2\/media\/20044"}],"wp:attachment":[{"href":"https:\/\/ditchwitch-iberia.com\/pt-pt\/wp-json\/wp\/v2\/media?parent=20064"}],"curies":[{"name":"wp","href":"https:\/\/api.w.org\/{rel}","templated":true}]}}