{"id":20066,"date":"2025-08-18T13:56:44","date_gmt":"2025-08-18T13:56:44","guid":{"rendered":"https:\/\/ditchwitch-iberia.com\/equipamentos\/mini-cargadoras-multiusos\/"},"modified":"2025-11-04T14:06:35","modified_gmt":"2025-11-04T14:06:35","slug":"mini-carregadeira","status":"publish","type":"page","link":"https:\/\/ditchwitch-iberia.com\/pt-pt\/equipamentos\/mini-carregadeira\/","title":{"rendered":"Mini-carregadeira"},"content":{"rendered":"\n<p>Gra\u00e7as \u00e0s suas esteiras, uma mini-carregadeira<strong> Ditch Witch <\/strong>oferece maior estabilidade e tra\u00e7\u00e3o no terreno.<br>A plataforma \u00e9 mais ampla para m\u00e1ximo conforto de opera\u00e7\u00e3o e proporciona uma vis\u00e3o ideal das tarefas a realizar. O painel de controle \u00e9 ergon\u00f4mico para reduzir a fadiga do operador e garantir controle total.<\/p>\n\n\n\n<p>Essas mini-carregadeiras oferecem sempre um desempenho ideal, j\u00e1 que entregam mais pot\u00eancia do que a concorr\u00eancia.<\/p>\n\n\n\n<p>Perfurador de solo, preparador de terreno, tesoura hidr\u00e1ulica, ro\u00e7adeira, subsolador, valetadeira, niveladora, cultivador, ca\u00e7amba, garfo de carga, varredora, removedor de ervas daninhas&#8230; A lista de acess\u00f3rios compat\u00edveis \u00e9 extensa!<\/p>\n\n\n\n<p>Gra\u00e7as \u00e0 grande variedade de implementos dispon\u00edveis, os porta-ferramentas multifuncionais Ditch Witch\u00ae adaptam-se a diversas \u00e1reas: paisagismo, obras p\u00fablicas, constru\u00e7\u00e3o civil, servi\u00e7os urbanos e muitos outros setores.<\/p>\n\n\n\n<p>Aumente a produtividade, a facilidade de uso e a rentabilidade com a versatilidade excepcional das mini-carregadeiras SK.<br>Em resumo:\u00a0uma m\u00e1quina para todas as suas tarefas!Porta-ferramentas multifuncionais<\/p>\n","protected":false},"excerpt":{"rendered":"<p>Gra\u00e7as \u00e0s suas esteiras, uma mini-carregadeira Ditch Witch oferece maior estabilidade e tra\u00e7\u00e3o no terreno.A plataforma \u00e9 mais ampla para m\u00e1ximo conforto de opera\u00e7\u00e3o e proporciona uma vis\u00e3o ideal das tarefas a realizar. O painel de controle \u00e9 ergon\u00f4mico para reduzir a fadiga do operador e garantir controle total. Essas mini-carregadeiras oferecem sempre um desempenho&hellip;<\/p>\n","protected":false},"author":1,"featured_media":20055,"parent":20051,"menu_order":0,"comment_status":"closed","ping_status":"closed","template":"","meta":{"_acf_changed":false,"footnotes":""},"class_list":["post-20066","page","type-page","status-publish","has-post-thumbnail","hentry"],"acf":[],"_links":{"self":[{"href":"https:\/\/ditchwitch-iberia.com\/pt-pt\/wp-json\/wp\/v2\/pages\/20066","targetHints":{"allow":["GET"]}}],"collection":[{"href":"https:\/\/ditchwitch-iberia.com\/pt-pt\/wp-json\/wp\/v2\/pages"}],"about":[{"href":"https:\/\/ditchwitch-iberia.com\/pt-pt\/wp-json\/wp\/v2\/types\/page"}],"author":[{"embeddable":true,"href":"https:\/\/ditchwitch-iberia.com\/pt-pt\/wp-json\/wp\/v2\/users\/1"}],"replies":[{"embeddable":true,"href":"https:\/\/ditchwitch-iberia.com\/pt-pt\/wp-json\/wp\/v2\/comments?post=20066"}],"version-history":[{"count":3,"href":"https:\/\/ditchwitch-iberia.com\/pt-pt\/wp-json\/wp\/v2\/pages\/20066\/revisions"}],"predecessor-version":[{"id":20395,"href":"https:\/\/ditchwitch-iberia.com\/pt-pt\/wp-json\/wp\/v2\/pages\/20066\/revisions\/20395"}],"up":[{"embeddable":true,"href":"https:\/\/ditchwitch-iberia.com\/pt-pt\/wp-json\/wp\/v2\/pages\/20051"}],"wp:featuredmedia":[{"embeddable":true,"href":"https:\/\/ditchwitch-iberia.com\/pt-pt\/wp-json\/wp\/v2\/media\/20055"}],"wp:attachment":[{"href":"https:\/\/ditchwitch-iberia.com\/pt-pt\/wp-json\/wp\/v2\/media?parent=20066"}],"curies":[{"name":"wp","href":"https:\/\/api.w.org\/{rel}","templated":true}]}}