{"id":20069,"date":"2025-08-27T08:34:39","date_gmt":"2025-08-27T08:34:39","guid":{"rendered":"https:\/\/ditchwitch-iberia.com\/equipamentos\/perforadoras\/"},"modified":"2025-11-04T14:00:15","modified_gmt":"2025-11-04T14:00:15","slug":"perfuradoras","status":"publish","type":"page","link":"https:\/\/ditchwitch-iberia.com\/pt-pt\/equipamentos\/perfuradoras\/","title":{"rendered":"Perfuradoras"},"content":{"rendered":"\n<p>As perfuradoras direcionais horizontais No-Dig da Ditch Witch instalam e\/ou substituem de forma eficaz todo tipo de redes (telefonia, fibra \u00f3ptica, eletricidade, tubula\u00e7\u00f5es de \u00e1gua, g\u00e1s, etc.) sob gramados, cal\u00e7adas, ruas movimentadas, rodovias, ferrovias e em qualquer lugar onde valas sejam imposs\u00edveis, seja por motivos log\u00edsticos ou econ\u00f4micos, por limita\u00e7\u00f5es de tempo ou pela presen\u00e7a de certos obst\u00e1culos (naturais ou n\u00e3o) no terreno.<br>O mesmo se aplica \u00e0s nossas perfuradoras pneum\u00e1ticas.<\/p>\n\n\n\n<p><\/p>\n","protected":false},"excerpt":{"rendered":"<p>As perfuradoras direcionais horizontais No-Dig da Ditch Witch instalam e\/ou substituem de forma eficaz todo tipo de redes (telefonia, fibra \u00f3ptica, eletricidade, tubula\u00e7\u00f5es de \u00e1gua, g\u00e1s, etc.) sob gramados, cal\u00e7adas, ruas movimentadas, rodovias, ferrovias e em qualquer lugar onde valas sejam imposs\u00edveis, seja por motivos log\u00edsticos ou econ\u00f4micos, por limita\u00e7\u00f5es de tempo ou pela presen\u00e7a&hellip;<\/p>\n","protected":false},"author":1,"featured_media":20046,"parent":20051,"menu_order":0,"comment_status":"closed","ping_status":"closed","template":"","meta":{"_acf_changed":false,"footnotes":""},"class_list":["post-20069","page","type-page","status-publish","has-post-thumbnail","hentry"],"acf":[],"_links":{"self":[{"href":"https:\/\/ditchwitch-iberia.com\/pt-pt\/wp-json\/wp\/v2\/pages\/20069","targetHints":{"allow":["GET"]}}],"collection":[{"href":"https:\/\/ditchwitch-iberia.com\/pt-pt\/wp-json\/wp\/v2\/pages"}],"about":[{"href":"https:\/\/ditchwitch-iberia.com\/pt-pt\/wp-json\/wp\/v2\/types\/page"}],"author":[{"embeddable":true,"href":"https:\/\/ditchwitch-iberia.com\/pt-pt\/wp-json\/wp\/v2\/users\/1"}],"replies":[{"embeddable":true,"href":"https:\/\/ditchwitch-iberia.com\/pt-pt\/wp-json\/wp\/v2\/comments?post=20069"}],"version-history":[{"count":2,"href":"https:\/\/ditchwitch-iberia.com\/pt-pt\/wp-json\/wp\/v2\/pages\/20069\/revisions"}],"predecessor-version":[{"id":20245,"href":"https:\/\/ditchwitch-iberia.com\/pt-pt\/wp-json\/wp\/v2\/pages\/20069\/revisions\/20245"}],"up":[{"embeddable":true,"href":"https:\/\/ditchwitch-iberia.com\/pt-pt\/wp-json\/wp\/v2\/pages\/20051"}],"wp:featuredmedia":[{"embeddable":true,"href":"https:\/\/ditchwitch-iberia.com\/pt-pt\/wp-json\/wp\/v2\/media\/20046"}],"wp:attachment":[{"href":"https:\/\/ditchwitch-iberia.com\/pt-pt\/wp-json\/wp\/v2\/media?parent=20069"}],"curies":[{"name":"wp","href":"https:\/\/api.w.org\/{rel}","templated":true}]}}