{"id":20071,"date":"2025-08-18T13:56:33","date_gmt":"2025-08-18T13:56:33","guid":{"rendered":"https:\/\/ditchwitch-iberia.com\/equipamentos\/zanjadoras-compactas\/"},"modified":"2025-11-04T13:25:55","modified_gmt":"2025-11-04T13:25:55","slug":"valadeiras-compactas","status":"publish","type":"page","link":"https:\/\/ditchwitch-iberia.com\/pt-pt\/equipamentos\/valadeiras-compactas\/","title":{"rendered":"Valadeiras compactas"},"content":{"rendered":"\n<p>As valadeiras de corrente Ditch Witch Walk-Behind foram projetadas para oferecer desempenho confi\u00e1vel e manuseio f\u00e1cil.<br>A s\u00e9rie C conta com tra\u00e7\u00e3o equilibrada, \u00e9 f\u00e1cil de manobrar e trabalha suavemente.<\/p>\n\n\n\n<p>Al\u00e9m disso, suas facilidades de manuten\u00e7\u00e3o \u2014 um design aberto que permite acesso mais f\u00e1cil e sem pontos de lubrifica\u00e7\u00e3o di\u00e1ria para monitorar \u2014 garantem o m\u00e1ximo retorno do investimento.<\/p>\n\n\n\n<p><\/p>\n","protected":false},"excerpt":{"rendered":"<p>As valadeiras de corrente Ditch Witch Walk-Behind foram projetadas para oferecer desempenho confi\u00e1vel e manuseio f\u00e1cil.A s\u00e9rie C conta com tra\u00e7\u00e3o equilibrada, \u00e9 f\u00e1cil de manobrar e trabalha suavemente. Al\u00e9m disso, suas facilidades de manuten\u00e7\u00e3o \u2014 um design aberto que permite acesso mais f\u00e1cil e sem pontos de lubrifica\u00e7\u00e3o di\u00e1ria para monitorar \u2014 garantem o&hellip;<\/p>\n","protected":false},"author":1,"featured_media":20053,"parent":20051,"menu_order":0,"comment_status":"closed","ping_status":"closed","template":"","meta":{"_acf_changed":false,"footnotes":""},"class_list":["post-20071","page","type-page","status-publish","has-post-thumbnail","hentry"],"acf":[],"_links":{"self":[{"href":"https:\/\/ditchwitch-iberia.com\/pt-pt\/wp-json\/wp\/v2\/pages\/20071","targetHints":{"allow":["GET"]}}],"collection":[{"href":"https:\/\/ditchwitch-iberia.com\/pt-pt\/wp-json\/wp\/v2\/pages"}],"about":[{"href":"https:\/\/ditchwitch-iberia.com\/pt-pt\/wp-json\/wp\/v2\/types\/page"}],"author":[{"embeddable":true,"href":"https:\/\/ditchwitch-iberia.com\/pt-pt\/wp-json\/wp\/v2\/users\/1"}],"replies":[{"embeddable":true,"href":"https:\/\/ditchwitch-iberia.com\/pt-pt\/wp-json\/wp\/v2\/comments?post=20071"}],"version-history":[{"count":3,"href":"https:\/\/ditchwitch-iberia.com\/pt-pt\/wp-json\/wp\/v2\/pages\/20071\/revisions"}],"predecessor-version":[{"id":20390,"href":"https:\/\/ditchwitch-iberia.com\/pt-pt\/wp-json\/wp\/v2\/pages\/20071\/revisions\/20390"}],"up":[{"embeddable":true,"href":"https:\/\/ditchwitch-iberia.com\/pt-pt\/wp-json\/wp\/v2\/pages\/20051"}],"wp:featuredmedia":[{"embeddable":true,"href":"https:\/\/ditchwitch-iberia.com\/pt-pt\/wp-json\/wp\/v2\/media\/20053"}],"wp:attachment":[{"href":"https:\/\/ditchwitch-iberia.com\/pt-pt\/wp-json\/wp\/v2\/media?parent=20071"}],"curies":[{"name":"wp","href":"https:\/\/api.w.org\/{rel}","templated":true}]}}