{"id":20074,"date":"2025-08-18T13:56:59","date_gmt":"2025-08-18T13:56:59","guid":{"rendered":"https:\/\/ditchwitch-iberia.com\/equipamentos\/zanjadoras-heavy-duty\/"},"modified":"2025-11-04T13:26:58","modified_gmt":"2025-11-04T13:26:58","slug":"valadeiras-heavy-duty","status":"publish","type":"page","link":"https:\/\/ditchwitch-iberia.com\/pt-pt\/equipamentos\/valadeiras-heavy-duty\/","title":{"rendered":"Valadeiras heavy duty"},"content":{"rendered":"\n<p><\/p>\n\n\n\n<p>As valadeiras de corrente Ditch Witch\u00ae, sejam sobre rodas ou sobre esteiras, oferecem desempenho excepcional. Garantem uma produtividade incompar\u00e1vel em todos os tipos de terreno, seja em vers\u00f5es de opera\u00e7\u00e3o manual, aut\u00f4noma ou para microvalas. Conforme o modelo, equipamento e tipo de solo, podem escavar valas de at\u00e9 150 cm de profundidade e 30 cm de largura, com uma capacidade de at\u00e9 3.000 m\/dia.<\/p>\n\n\n\n<p>Com uma valadeiras profissional da Ditch Witch, voc\u00ea poder\u00e1 realizar valas regulares gra\u00e7as ao corretor de inclina\u00e7\u00e3o integrado, que compensa as irregularidades do terreno. Cada valadeiras est\u00e1 equipada com uma esta\u00e7\u00e3o de controle ergon\u00f4mica para uma opera\u00e7\u00e3o mais simples, sempre com o objetivo de aumentar sua produtividade.<\/p>\n\n\n\n<p>Alguns modelos s\u00e3o multifuncionais, com diferentes op\u00e7\u00f5es de configura\u00e7\u00e3o para diversos tipos de obras. Isso os torna ideais para companhias el\u00e9tricas, encanadores e trabalhos de paisagismo.<br>A Ditch Witch\u00ae tamb\u00e9m desenvolveu valadeiras compactas para projetos de constru\u00e7\u00e3o de menor escala.<\/p>\n","protected":false},"excerpt":{"rendered":"<p>As valadeiras de corrente Ditch Witch\u00ae, sejam sobre rodas ou sobre esteiras, oferecem desempenho excepcional. Garantem uma produtividade incompar\u00e1vel em todos os tipos de terreno, seja em vers\u00f5es de opera\u00e7\u00e3o manual, aut\u00f4noma ou para microvalas. Conforme o modelo, equipamento e tipo de solo, podem escavar valas de at\u00e9 150 cm de profundidade e 30 cm&hellip;<\/p>\n","protected":false},"author":1,"featured_media":20045,"parent":20051,"menu_order":0,"comment_status":"closed","ping_status":"closed","template":"","meta":{"_acf_changed":false,"footnotes":""},"class_list":["post-20074","page","type-page","status-publish","has-post-thumbnail","hentry"],"acf":[],"_links":{"self":[{"href":"https:\/\/ditchwitch-iberia.com\/pt-pt\/wp-json\/wp\/v2\/pages\/20074","targetHints":{"allow":["GET"]}}],"collection":[{"href":"https:\/\/ditchwitch-iberia.com\/pt-pt\/wp-json\/wp\/v2\/pages"}],"about":[{"href":"https:\/\/ditchwitch-iberia.com\/pt-pt\/wp-json\/wp\/v2\/types\/page"}],"author":[{"embeddable":true,"href":"https:\/\/ditchwitch-iberia.com\/pt-pt\/wp-json\/wp\/v2\/users\/1"}],"replies":[{"embeddable":true,"href":"https:\/\/ditchwitch-iberia.com\/pt-pt\/wp-json\/wp\/v2\/comments?post=20074"}],"version-history":[{"count":5,"href":"https:\/\/ditchwitch-iberia.com\/pt-pt\/wp-json\/wp\/v2\/pages\/20074\/revisions"}],"predecessor-version":[{"id":20391,"href":"https:\/\/ditchwitch-iberia.com\/pt-pt\/wp-json\/wp\/v2\/pages\/20074\/revisions\/20391"}],"up":[{"embeddable":true,"href":"https:\/\/ditchwitch-iberia.com\/pt-pt\/wp-json\/wp\/v2\/pages\/20051"}],"wp:featuredmedia":[{"embeddable":true,"href":"https:\/\/ditchwitch-iberia.com\/pt-pt\/wp-json\/wp\/v2\/media\/20045"}],"wp:attachment":[{"href":"https:\/\/ditchwitch-iberia.com\/pt-pt\/wp-json\/wp\/v2\/media?parent=20074"}],"curies":[{"name":"wp","href":"https:\/\/api.w.org\/{rel}","templated":true}]}}