{"id":20078,"date":"2025-09-12T11:42:04","date_gmt":"2025-09-12T11:42:04","guid":{"rendered":"https:\/\/ditchwitch-iberia.com\/hammerhead-trenchless\/"},"modified":"2025-09-29T07:46:51","modified_gmt":"2025-09-29T07:46:51","slug":"hammerhead-trenchless","status":"publish","type":"page","link":"https:\/\/ditchwitch-iberia.com\/pt-pt\/hammerhead-trenchless\/","title":{"rendered":"HammerHead Trenchless"},"content":{"rendered":"\n<h4 class=\"wp-block-heading\">Reabilita\u00e7\u00e3o e substitui\u00e7\u00e3o sem vala: CIPP, pipe bursting, ramming e reinstatement<\/h4>\n\n\n\n<p>Quando \u00e9 necess\u00e1rio renovar condutas com escava\u00e7\u00e3o m\u00ednima, pode contar com tecnologia comprovada e apoio pr\u00f3ximo. A Ditch Witch Iberia distribui e presta assist\u00eancia \u00e0 HammerHead Trenchless, oferecendo um portef\u00f3lio completo para reabilita\u00e7\u00e3o CIPP, substitui\u00e7\u00e3o por bursting, <em>pipe ramming<\/em>, <em>reinstatement<\/em>\/limpeza e <em>winches<\/em> HydroGuide para projetos de \u00e1gua, saneamento, g\u00e1s e ramais de liga\u00e7\u00e3o.<br><\/p>\n\n\n\n<div class=\"wp-block-buttons is-layout-flex wp-block-buttons-is-layout-flex\">\n<div class=\"wp-block-button\"><a class=\"wp-block-button__link wp-element-button\" href=\"https:\/\/www.hammerheadtrenchless.com\/\">Visite o site<\/a><\/div>\n<\/div>\n\n\n\n<p><\/p>\n","protected":false},"excerpt":{"rendered":"<p>Reabilita\u00e7\u00e3o e substitui\u00e7\u00e3o sem vala: CIPP, pipe bursting, ramming e reinstatement Quando \u00e9 necess\u00e1rio renovar condutas com escava\u00e7\u00e3o m\u00ednima, pode contar com tecnologia comprovada e apoio pr\u00f3ximo. A Ditch Witch Iberia distribui e presta assist\u00eancia \u00e0 HammerHead Trenchless, oferecendo um portef\u00f3lio completo para reabilita\u00e7\u00e3o CIPP, substitui\u00e7\u00e3o por bursting, pipe ramming, reinstatement\/limpeza e winches HydroGuide para&hellip;<\/p>\n","protected":false},"author":1,"featured_media":0,"parent":0,"menu_order":0,"comment_status":"closed","ping_status":"closed","template":"","meta":{"_acf_changed":false,"footnotes":""},"class_list":["post-20078","page","type-page","status-publish","hentry"],"acf":[],"_links":{"self":[{"href":"https:\/\/ditchwitch-iberia.com\/pt-pt\/wp-json\/wp\/v2\/pages\/20078","targetHints":{"allow":["GET"]}}],"collection":[{"href":"https:\/\/ditchwitch-iberia.com\/pt-pt\/wp-json\/wp\/v2\/pages"}],"about":[{"href":"https:\/\/ditchwitch-iberia.com\/pt-pt\/wp-json\/wp\/v2\/types\/page"}],"author":[{"embeddable":true,"href":"https:\/\/ditchwitch-iberia.com\/pt-pt\/wp-json\/wp\/v2\/users\/1"}],"replies":[{"embeddable":true,"href":"https:\/\/ditchwitch-iberia.com\/pt-pt\/wp-json\/wp\/v2\/comments?post=20078"}],"version-history":[{"count":4,"href":"https:\/\/ditchwitch-iberia.com\/pt-pt\/wp-json\/wp\/v2\/pages\/20078\/revisions"}],"predecessor-version":[{"id":20348,"href":"https:\/\/ditchwitch-iberia.com\/pt-pt\/wp-json\/wp\/v2\/pages\/20078\/revisions\/20348"}],"wp:attachment":[{"href":"https:\/\/ditchwitch-iberia.com\/pt-pt\/wp-json\/wp\/v2\/media?parent=20078"}],"curies":[{"name":"wp","href":"https:\/\/api.w.org\/{rel}","templated":true}]}}