{"id":20084,"date":"2025-07-30T11:02:14","date_gmt":"2025-07-30T11:02:14","guid":{"rendered":"https:\/\/ditchwitch-iberia.com\/?page_id=20084"},"modified":"2026-03-11T14:39:15","modified_gmt":"2026-03-11T14:39:15","slug":"privacy-policy","status":"publish","type":"page","link":"https:\/\/ditchwitch-iberia.com\/pt-pt\/privacy-policy\/","title":{"rendered":"POL\u00cdTICA DE PRIVACIDADE"},"content":{"rendered":"\n<h2 class=\"wp-block-heading\">POL\u00cdTICA DE PRIVACIDAD<\/h2>\n\n<p>Respeitamos a privacidade dos visitantes do nosso website e garantimos que as informa\u00e7\u00f5es pessoais que nos fornece s\u00e3o tratadas de forma confidencial. O tratamento de dados pessoais \u00e9 realizado de forma a cumprir os requisitos do Regulamento Geral de Prote\u00e7\u00e3o de Dados (RGPD). <\/p>\n\n<h3 class=\"wp-block-heading\">FINALIDADES DO TRATAMENTO DE DADOS<br\/><\/h3>\n\n<p>FINALIDADES DO TRATAMENTO DE DADOS<br\/>Tratamos os seus dados pessoais com a finalidade de navega\u00e7\u00e3o do utilizador. Se preencher um formul\u00e1rio de contacto no website ou enviar um e-mail, estes dados ser\u00e3o retidos durante o tempo necess\u00e1rio, dependendo da natureza do formul\u00e1rio ou do conte\u00fado do seu e-mail, para uma resposta e tratamento completos.<br\/><br\/> <\/p>\n\n<h3 class=\"wp-block-heading\">COMPORTAMENTO DE CLIQUE E DADOS DE VISITA<\/h3>\n\n<p>Dados gerais de visita s\u00e3o mantidos no website. Neste contexto, o endere\u00e7o IP do computador, o eventual nome de utilizador, o momento das visitas e os dados enviados pelo navegador podem ser registados e utilizados para an\u00e1lises estat\u00edsticas de visitas ao website e comportamento de clique. Tamb\u00e9m utilizamos estes dados para otimizar o funcionamento do nosso website. Tentamos anonimizar estes dados tanto quanto poss\u00edvel. Estes dados n\u00e3o s\u00e3o fornecidos a terceiros.    <\/p>\n\n<h3 class=\"wp-block-heading\">GOOGLE ANALYTICS<br\/><\/h3>\n\n<p>Utilizamos o Google Analytics para acompanhar como os visitantes utilizam o nosso website. A informa\u00e7\u00e3o obtida, incluindo dados demogr\u00e1ficos e o endere\u00e7o IP do seu computador, \u00e9 transferida para a Google e armazenada nos seus servidores. A Google utiliza esta informa\u00e7\u00e3o para acompanhar como o website \u00e9 utilizado, para nos fornecer relat\u00f3rios sobre o mesmo e para nos dar informa\u00e7\u00f5es sobre a efic\u00e1cia da navega\u00e7\u00e3o do utilizador. A Google pode fornecer esta informa\u00e7\u00e3o a terceiros se tal for exigido por lei ou se esses terceiros processarem a informa\u00e7\u00e3o em nome da Google. N\u00e3o temos controlo sobre isto. Por favor, consulte a pol\u00edtica de privacidade da Google: [Pol\u00edtica de Privacidade Google].     <\/p>\n\n<h3 class=\"wp-block-heading\">USO DE COOKIES<\/h3>\n\n<p>Utilizamos cookies. Um cookie \u00e9 um pequeno ficheiro simples que \u00e9 enviado juntamente com as p\u00e1ginas deste website e armazenado pelo seu navegador no disco r\u00edgido do seu computador. Isto permite-nos, entre outras coisas, combinar diferentes pedidos de p\u00e1ginas no website e analisar o comportamento dos visitantes. Pode recusar o uso destes cookies, embora isto possa limitar a funcionalidade e a facilidade de utiliza\u00e7\u00e3o do website. Pode encontrar mais informa\u00e7\u00f5es sobre o uso de cookies na declara\u00e7\u00e3o de cookies.    <\/p>\n\n<h3 class=\"wp-block-heading\">N\u00c3O QUER RECEBER COOKIES?<br\/><br\/><\/h3>\n\n<p>N\u00e3o deseja receber mais cookies? Pode configurar esta op\u00e7\u00e3o no seu navegador de internet. <\/p>\n\n<hr class=\"wp-block-separator has-alpha-channel-opacity\"\/>\n\n<h2 class=\"wp-block-heading\">POL\u00cdTICA DE PRIVACIDADE Ditch Witch Iberia<br\/><br\/><\/h2>\n\n<p>A Ditch Witch Iberia atribui grande valor \u00e0 prote\u00e7\u00e3o dos seus dados pessoais. Nesta pol\u00edtica de privacidade, queremos fornecer informa\u00e7\u00f5es claras e transparentes sobre como lidamos com os seus dados pessoais. Fazemos tudo o que est\u00e1 ao nosso alcance para proteger a sua privacidade e, portanto, tratamos os seus dados pessoais com cuidado.<br\/>A Ditch Witch Iberia cumpre em todos os casos as leis e regulamentos aplic\u00e1veis, incluindo o Regulamento Geral de Prote\u00e7\u00e3o de Dados (RGPD). Isto significa que, no m\u00ednimo:    <\/p>\n\n<ul class=\"wp-block-list\">\n<li>Tratamos os seus dados pessoais de acordo com a finalidade para a qual foram fornecidos. Estas finalidades e o tipo de dados pessoais est\u00e3o descritos nesta pol\u00edtica de privacidade. <\/li>\n\n\n\n<li>O tratamento dos seus dados pessoais limita-se apenas aos dados que s\u00e3o minimamente necess\u00e1rios para as finalidades para as quais s\u00e3o processados.<\/li>\n\n\n\n<li>Solicitamos o seu consentimento expl\u00edcito se necessitarmos dele para o tratamento dos seus dados pessoais.<\/li>\n\n\n\n<li>Tom\u00e1mos medidas t\u00e9cnicas e organizativas adequadas para garantir a seguran\u00e7a dos seus dados pessoais.<\/li>\n\n\n\n<li>Os dados pessoais n\u00e3o ser\u00e3o transmitidos a outras partes, a menos que seja necess\u00e1rio para a execu\u00e7\u00e3o das finalidades para as quais foram fornecidos.<br\/><\/li>\n\n\n\n<li>Estamos cientes dos seus direitos em rela\u00e7\u00e3o aos seus dados pessoais, queremos alert\u00e1-lo para os mesmos e respeit\u00e1-los.Somos conscientes de sus derechos con respecto a sus datos personales, queremos informarle de ellos y los respetamos.<\/li>\n<\/ul>\n\n<p>Como Ditch Witch Iberia, somos respons\u00e1veis pelo tratamento dos seus dados pessoais. Se, ap\u00f3s ler a nossa pol\u00edtica de privacidade, ou num sentido mais geral, tiver quest\u00f5es sobre este assunto ou desejar contactar-nos, pode faz\u00ea-lo atrav\u00e9s dos contactos abaixo: <\/p>\n\n<p><strong>Ditch Witch Iberia<\/strong> information@ditchwitch-iberia.com<\/p>\n\n<p><strong>ESPA\u00d1A<\/strong> C\/ Antonio Araguas, 9. 28230,<\/p>\n\n<p>Las Rozas. Madrid. <\/p>\n\n<p>Tel.: 91 637 67 06<\/p>\n\n<p><strong>PORTUGAL<\/strong> Rua D. Marcos da Cruz<\/p>\n\n<p>2029 2\u00ba esq. Frt. 4455-482.<\/p>\n\n<p>Perafita. Portugal<\/p>\n\n<p>Tel.: +351 966 923 748<\/p>\n\n<h3 class=\"wp-block-heading\">FINALIDADES DO TRATAMENTO DE DADOS<br\/><\/h3>\n\n<p>Tratamos dados pessoais para fins anal\u00edticos e podemos solicitar que forne\u00e7a o seu endere\u00e7o IP, que \u00e9 posteriormente anonimizado.<br\/><\/p>\n\n<h3 class=\"wp-block-heading\">DIVULGA\u00c7\u00c3O A TERCEIROS<\/h3>\n\n<p>Os dados que nos fornece n\u00e3o ser\u00e3o divulgados a outras partes, a menos que seja legalmente exigido. Podemos partilhar dados pessoais com terceiros se nos fornecer consentimento por escrito para o efeito. <\/p>\n\n<h3 class=\"wp-block-heading\">PER\u00cdODO DE RETEN\u00c7\u00c3O<\/h3>\n\n<p>A Ditch Witch Iberia n\u00e3o ret\u00e9m os seus dados pessoais por mais tempo do que o necess\u00e1rio para a finalidade para a qual foram fornecidos ou conforme exigido por lei.<br\/><\/p>\n\n<h3 class=\"wp-block-heading\">SEGURAN\u00c7A<\/h3>\n\n<p>Tom\u00e1mos medidas t\u00e9cnicas e organizativas adequadas para proteger os seus dados pessoais contra o tratamento il\u00edcito. Implement\u00e1mos as seguintes medidas: <\/p>\n\n<ul class=\"wp-block-list\">\n<li>Controlo de acesso.<\/li>\n\n\n\n<li>Liga\u00e7\u00f5es de internet seguras (HTTPS).<\/li>\n\n\n\n<li>Software atualizado e seguro.<\/li>\n<\/ul>\n\n<h3 class=\"wp-block-heading\">OS SEUS DIREITOS RELATIVOS AOS SEUS DADOS<br\/><\/h3>\n\n<p>Tem o direito de aceder, retificar ou eliminar os dados pessoais que temos sobre si. Pode tamb\u00e9m opor-se ao tratamento dos seus dados pessoais (ou parte deles) por n\u00f3s ou por um dos nossos subprocessadores. Tem tamb\u00e9m o direito de solicitar que os dados que nos forneceu sejam transferidos para si ou para outra parte, se assim o desejar. Podemos solicitar que se identifique antes de respondermos aos pedidos acima mencionados.   <\/p>\n\n<h3 class=\"wp-block-heading\">RECLAMA\u00c7\u00d5ES<br\/><br\/><\/h3>\n\n<p>Se tiver uma reclama\u00e7\u00e3o sobre o tratamento dos seus dados pessoais, pedimos que nos contacte sobre o assunto. Se tiver quaisquer perguntas ou coment\u00e1rios na sequ\u00eancia da nossa pol\u00edtica de privacidade, por favor contacte-nos atrav\u00e9s de: information@ditchwitch-iberia.com <\/p>\n\n<h3 class=\"wp-block-heading\">ALTERA\u00c7\u00c3O DA DECLARA\u00c7\u00c3O DE PRIVACIDADE<br\/><br\/><\/h3>\n\n<p>Reservamo-nos o direito de alterar esta declara\u00e7\u00e3o de privacidade. As altera\u00e7\u00f5es ser\u00e3o publicadas neste website. <\/p>\n","protected":false},"excerpt":{"rendered":"<p>POL\u00cdTICA DE PRIVACIDAD Respeitamos a privacidade dos visitantes do nosso website e garantimos que as informa\u00e7\u00f5es pessoais que nos fornece s\u00e3o tratadas de forma confidencial. O tratamento de dados pessoais \u00e9 realizado de forma a cumprir os requisitos do Regulamento Geral de Prote\u00e7\u00e3o de Dados (RGPD). FINALIDADES DO TRATAMENTO DE DADOS FINALIDADES DO TRATAMENTO DE&hellip;<\/p>\n","protected":false},"author":1,"featured_media":0,"parent":0,"menu_order":0,"comment_status":"closed","ping_status":"open","template":"","meta":{"_acf_changed":false,"footnotes":""},"class_list":["post-20084","page","type-page","status-publish","hentry"],"acf":[],"_links":{"self":[{"href":"https:\/\/ditchwitch-iberia.com\/pt-pt\/wp-json\/wp\/v2\/pages\/20084","targetHints":{"allow":["GET"]}}],"collection":[{"href":"https:\/\/ditchwitch-iberia.com\/pt-pt\/wp-json\/wp\/v2\/pages"}],"about":[{"href":"https:\/\/ditchwitch-iberia.com\/pt-pt\/wp-json\/wp\/v2\/types\/page"}],"author":[{"embeddable":true,"href":"https:\/\/ditchwitch-iberia.com\/pt-pt\/wp-json\/wp\/v2\/users\/1"}],"replies":[{"embeddable":true,"href":"https:\/\/ditchwitch-iberia.com\/pt-pt\/wp-json\/wp\/v2\/comments?post=20084"}],"version-history":[{"count":3,"href":"https:\/\/ditchwitch-iberia.com\/pt-pt\/wp-json\/wp\/v2\/pages\/20084\/revisions"}],"predecessor-version":[{"id":20444,"href":"https:\/\/ditchwitch-iberia.com\/pt-pt\/wp-json\/wp\/v2\/pages\/20084\/revisions\/20444"}],"wp:attachment":[{"href":"https:\/\/ditchwitch-iberia.com\/pt-pt\/wp-json\/wp\/v2\/media?parent=20084"}],"curies":[{"name":"wp","href":"https:\/\/api.w.org\/{rel}","templated":true}]}}