{"id":20086,"date":"2025-08-27T13:12:46","date_gmt":"2025-08-27T13:12:46","guid":{"rendered":"https:\/\/ditchwitch-iberia.com\/servicio\/"},"modified":"2025-09-26T12:12:21","modified_gmt":"2025-09-26T12:12:21","slug":"servicio","status":"publish","type":"page","link":"https:\/\/ditchwitch-iberia.com\/pt-pt\/servicio\/","title":{"rendered":"Servi\u00e7o"},"content":{"rendered":"\n<h3 class=\"wp-block-heading\">Estamos juntos nesta jornada<\/h3>\n\n\n\n<p>Na Ditch Witch Iberia, o servi\u00e7o n\u00e3o termina na entrega. Nosso objetivo \u00e9 construir uma rela\u00e7\u00e3o duradoura com nossos clientes e oferecer um servi\u00e7o impec\u00e1vel antes, durante e ap\u00f3s a entrega da sua m\u00e1quina. Queremos tirar o m\u00e1ximo de preocupa\u00e7\u00f5es do seu dia a dia, porque desejamos que voc\u00ea esteja satisfeito hoje e amanh\u00e3. Por isso, o servi\u00e7o e o atendimento p\u00f3s-venda t\u00eam para n\u00f3s a m\u00e1xima prioridade.<\/p>\n\n\n\n<h3 class=\"wp-block-heading\"><strong>Continuidade acima de tudo<\/strong><\/h3>\n\n\n\n<p>Cada projeto de perfura\u00e7\u00e3o \u00e9 \u00fanico. No entanto, em todos os casos, as paradas inesperadas custam dinheiro. Por isso, junto com voc\u00ea fazemos tudo para evitar interrup\u00e7\u00f5es imprevistas. Conseguimos isso oferecendo m\u00e1quinas de m\u00e1xima qualidade, uma ampla sele\u00e7\u00e3o de pe\u00e7as originais e dur\u00e1veis, al\u00e9m de um excelente suporte t\u00e9cnico e servi\u00e7o.<\/p>\n\n\n\n<p>A continuidade dos seus projetos est\u00e1 sempre em primeiro lugar. Voc\u00ea pode nos ligar a qualquer momento para receber aconselhamento ou assist\u00eancia: atenderemos voc\u00ea pessoalmente e teremos prazer em ajudar. E se, apesar de tudo, sua m\u00e1quina parar, nossos t\u00e9cnicos experientes estar\u00e3o rapidamente no local para resolver o problema.<\/p>\n\n\n\n<h3 class=\"wp-block-heading\"><strong>Pe\u00e7as de reposi\u00e7\u00e3o<\/strong><\/h3>\n\n\n\n<p>Temos um amplo estoque de pe\u00e7as de reposi\u00e7\u00e3o. O que n\u00e3o tivermos em estoque, solicitamos para voc\u00ea e entregamos em poucos dias.<\/p>\n\n\n\n<p>Quer pedir pe\u00e7as rapidamente? Consulte o&nbsp;<strong>Ditch Witch Parts Lookup<\/strong>&nbsp;online. L\u00e1 voc\u00ea tamb\u00e9m encontrar\u00e1 todos os manuais do operador e informa\u00e7\u00f5es adicionais sobre seu equipamento Ditch Witch.<\/p>\n\n\n\n<h3 class=\"wp-block-heading\">Treinamento<\/h3>\n\n\n\n<p>Funcion\u00e1rios novos? Sem problema, ajudamos seus operadores a come\u00e7ar com o p\u00e9 direito. Oferecemos treinamentos completos nas suas instala\u00e7\u00f5es, programas de capacita\u00e7\u00e3o em nosso avan\u00e7ado simulador Ditch Witch HDD ou por meio dos m\u00f3dulos de treinamento online do Ditch Witch HDD.<\/p>\n\n\n\n<h3 class=\"wp-block-heading\"><font dir=\"auto\" style=\"vertical-align: inherit;\"><font dir=\"auto\" style=\"vertical-align: inherit;\">Solu\u00e7\u00f5es flex\u00edveis<\/font><\/font><\/h3>\n\n\n\n<p>Tem outras necessidades? Conte para n\u00f3s! Gostamos de pensar junto com voc\u00ea, inclusive para solu\u00e7\u00f5es personalizadas, como uma instala\u00e7\u00e3o de bombeamento sob medida, entregas com sua pr\u00f3pria identidade visual ou outras solicita\u00e7\u00f5es especiais. N\u00e3o hesite em entrar em contato conosco: assim como nossas m\u00e1quinas, estamos preparados para qualquer desafio.<\/p>\n\n\n\n<p><\/p>\n","protected":false},"excerpt":{"rendered":"<p>Estamos juntos nesta jornada Na Ditch Witch Iberia, o servi\u00e7o n\u00e3o termina na entrega. Nosso objetivo \u00e9 construir uma rela\u00e7\u00e3o duradoura com nossos clientes e oferecer um servi\u00e7o impec\u00e1vel antes, durante e ap\u00f3s a entrega da sua m\u00e1quina. Queremos tirar o m\u00e1ximo de preocupa\u00e7\u00f5es do seu dia a dia, porque desejamos que voc\u00ea esteja satisfeito&hellip;<\/p>\n","protected":false},"author":1,"featured_media":20048,"parent":0,"menu_order":0,"comment_status":"closed","ping_status":"closed","template":"","meta":{"_acf_changed":false,"footnotes":""},"class_list":["post-20086","page","type-page","status-publish","has-post-thumbnail","hentry"],"acf":[],"_links":{"self":[{"href":"https:\/\/ditchwitch-iberia.com\/pt-pt\/wp-json\/wp\/v2\/pages\/20086","targetHints":{"allow":["GET"]}}],"collection":[{"href":"https:\/\/ditchwitch-iberia.com\/pt-pt\/wp-json\/wp\/v2\/pages"}],"about":[{"href":"https:\/\/ditchwitch-iberia.com\/pt-pt\/wp-json\/wp\/v2\/types\/page"}],"author":[{"embeddable":true,"href":"https:\/\/ditchwitch-iberia.com\/pt-pt\/wp-json\/wp\/v2\/users\/1"}],"replies":[{"embeddable":true,"href":"https:\/\/ditchwitch-iberia.com\/pt-pt\/wp-json\/wp\/v2\/comments?post=20086"}],"version-history":[{"count":2,"href":"https:\/\/ditchwitch-iberia.com\/pt-pt\/wp-json\/wp\/v2\/pages\/20086\/revisions"}],"predecessor-version":[{"id":20255,"href":"https:\/\/ditchwitch-iberia.com\/pt-pt\/wp-json\/wp\/v2\/pages\/20086\/revisions\/20255"}],"wp:featuredmedia":[{"embeddable":true,"href":"https:\/\/ditchwitch-iberia.com\/pt-pt\/wp-json\/wp\/v2\/media\/20048"}],"wp:attachment":[{"href":"https:\/\/ditchwitch-iberia.com\/pt-pt\/wp-json\/wp\/v2\/media?parent=20086"}],"curies":[{"name":"wp","href":"https:\/\/api.w.org\/{rel}","templated":true}]}}