{"id":20088,"date":"2025-09-12T11:42:11","date_gmt":"2025-09-12T11:42:11","guid":{"rendered":"https:\/\/ditchwitch-iberia.com\/subsite\/"},"modified":"2025-09-29T07:57:57","modified_gmt":"2025-09-29T07:57:57","slug":"subsite","status":"publish","type":"page","link":"https:\/\/ditchwitch-iberia.com\/pt-pt\/subsite\/","title":{"rendered":"Subsite"},"content":{"rendered":"\n<h4 class=\"wp-block-heading\"><strong><strong>Underground Awareness: localiza\u00e7\u00e3o de redes e guiamento HDD com dados verific\u00e1veis<\/strong><\/strong><\/h4>\n\n\n\n<p>Com a Subsite, integramos na sua obra a melhor combina\u00e7\u00e3o de localiza\u00e7\u00e3o de servi\u00e7os, guiamento HDD e reporting para reduzir riscos, evitar danos e documentar cada passo. Como parte do grupo de solu\u00e7\u00f5es de constru\u00e7\u00e3o sem vala, a Subsite \u00e9 a refer\u00eancia em eletr\u00f3nica e software para o subsolo; a Ditch Witch Iberia distribui e d\u00e1 suporte em Espanha e Portugal.<br><\/p>\n\n\n\n<div class=\"wp-block-buttons is-layout-flex wp-block-buttons-is-layout-flex\">\n<div class=\"wp-block-button\"><a class=\"wp-block-button__link wp-element-button\" href=\"https:\/\/www.subsite.com\/\">Visite o site<\/a><\/div>\n<\/div>\n\n\n\n<p><\/p>\n","protected":false},"excerpt":{"rendered":"<p>Underground Awareness: localiza\u00e7\u00e3o de redes e guiamento HDD com dados verific\u00e1veis Com a Subsite, integramos na sua obra a melhor combina\u00e7\u00e3o de localiza\u00e7\u00e3o de servi\u00e7os, guiamento HDD e reporting para reduzir riscos, evitar danos e documentar cada passo. Como parte do grupo de solu\u00e7\u00f5es de constru\u00e7\u00e3o sem vala, a Subsite \u00e9 a refer\u00eancia em eletr\u00f3nica&hellip;<\/p>\n","protected":false},"author":1,"featured_media":0,"parent":0,"menu_order":0,"comment_status":"closed","ping_status":"closed","template":"","meta":{"_acf_changed":false,"footnotes":""},"class_list":["post-20088","page","type-page","status-publish","hentry"],"acf":[],"_links":{"self":[{"href":"https:\/\/ditchwitch-iberia.com\/pt-pt\/wp-json\/wp\/v2\/pages\/20088","targetHints":{"allow":["GET"]}}],"collection":[{"href":"https:\/\/ditchwitch-iberia.com\/pt-pt\/wp-json\/wp\/v2\/pages"}],"about":[{"href":"https:\/\/ditchwitch-iberia.com\/pt-pt\/wp-json\/wp\/v2\/types\/page"}],"author":[{"embeddable":true,"href":"https:\/\/ditchwitch-iberia.com\/pt-pt\/wp-json\/wp\/v2\/users\/1"}],"replies":[{"embeddable":true,"href":"https:\/\/ditchwitch-iberia.com\/pt-pt\/wp-json\/wp\/v2\/comments?post=20088"}],"version-history":[{"count":3,"href":"https:\/\/ditchwitch-iberia.com\/pt-pt\/wp-json\/wp\/v2\/pages\/20088\/revisions"}],"predecessor-version":[{"id":20360,"href":"https:\/\/ditchwitch-iberia.com\/pt-pt\/wp-json\/wp\/v2\/pages\/20088\/revisions\/20360"}],"wp:attachment":[{"href":"https:\/\/ditchwitch-iberia.com\/pt-pt\/wp-json\/wp\/v2\/media?parent=20088"}],"curies":[{"name":"wp","href":"https:\/\/api.w.org\/{rel}","templated":true}]}}