{"id":20329,"date":"2025-08-18T09:09:03","date_gmt":"2025-08-18T09:09:03","guid":{"rendered":"https:\/\/ditchwitch-iberia.com\/quienes-somos\/"},"modified":"2025-09-29T07:20:52","modified_gmt":"2025-09-29T07:20:52","slug":"quienes-somos","status":"publish","type":"page","link":"https:\/\/ditchwitch-iberia.com\/pt-pt\/quienes-somos\/","title":{"rendered":"Quem somos"},"content":{"rendered":"\n<p><strong>Ditch Witch Iberia<\/strong>&nbsp;\u00e9 o distribuidor exclusivo da Ditch Witch em Espanha, Portugal e Angola. Oferecemos uma gama completa de valadoras, perfuradoras direcionais, unidades de mistura e bombagem, localizadores de cabos e radares de penetra\u00e7\u00e3o no solo. Com as nossas solu\u00e7\u00f5es, apoiamos empreiteiros, instaladores e empresas de constru\u00e7\u00e3o na instala\u00e7\u00e3o de infraestruturas subterr\u00e2neas \u2014 de forma fi\u00e1vel, eficiente e orientada para o futuro.<\/p>\n\n\n\n<p>Para al\u00e9m da venda de m\u00e1quinas, fornecemos aconselhamento especializado, forma\u00e7\u00e3o e um excelente servi\u00e7o p\u00f3s-venda. Gra\u00e7as ao nosso conhecimento t\u00e9cnico e presen\u00e7a local, os clientes podem contar com um apoio r\u00e1pido e com um parceiro que realmente compreende o seu trabalho.<\/p>\n\n\n\n<h3 class=\"wp-block-heading\">Ditch Witch Iberia: m\u00e1quinas potentes, servi\u00e7o fi\u00e1vel.<\/h3>\n\n\n\n<div class=\"wp-block-buttons is-layout-flex wp-block-buttons-is-layout-flex\">\n<div class=\"wp-block-button\"><a class=\"wp-block-button__link wp-element-button\" href=\"https:\/\/ditchwitch-iberia.com\/pt-pt\/contacto\/\"> Contacto<\/a><\/div>\n<\/div>\n\n\n\n<p><\/p>\n","protected":false},"excerpt":{"rendered":"<p>Ditch Witch Iberia&nbsp;\u00e9 o distribuidor exclusivo da Ditch Witch em Espanha, Portugal e Angola. Oferecemos uma gama completa de valadoras, perfuradoras direcionais, unidades de mistura e bombagem, localizadores de cabos e radares de penetra\u00e7\u00e3o no solo. Com as nossas solu\u00e7\u00f5es, apoiamos empreiteiros, instaladores e empresas de constru\u00e7\u00e3o na instala\u00e7\u00e3o de infraestruturas subterr\u00e2neas \u2014 de forma&hellip;<\/p>\n","protected":false},"author":1,"featured_media":20047,"parent":0,"menu_order":0,"comment_status":"closed","ping_status":"closed","template":"","meta":{"_acf_changed":false,"footnotes":""},"class_list":["post-20329","page","type-page","status-publish","has-post-thumbnail","hentry"],"acf":[],"_links":{"self":[{"href":"https:\/\/ditchwitch-iberia.com\/pt-pt\/wp-json\/wp\/v2\/pages\/20329","targetHints":{"allow":["GET"]}}],"collection":[{"href":"https:\/\/ditchwitch-iberia.com\/pt-pt\/wp-json\/wp\/v2\/pages"}],"about":[{"href":"https:\/\/ditchwitch-iberia.com\/pt-pt\/wp-json\/wp\/v2\/types\/page"}],"author":[{"embeddable":true,"href":"https:\/\/ditchwitch-iberia.com\/pt-pt\/wp-json\/wp\/v2\/users\/1"}],"replies":[{"embeddable":true,"href":"https:\/\/ditchwitch-iberia.com\/pt-pt\/wp-json\/wp\/v2\/comments?post=20329"}],"version-history":[{"count":2,"href":"https:\/\/ditchwitch-iberia.com\/pt-pt\/wp-json\/wp\/v2\/pages\/20329\/revisions"}],"predecessor-version":[{"id":20336,"href":"https:\/\/ditchwitch-iberia.com\/pt-pt\/wp-json\/wp\/v2\/pages\/20329\/revisions\/20336"}],"wp:featuredmedia":[{"embeddable":true,"href":"https:\/\/ditchwitch-iberia.com\/pt-pt\/wp-json\/wp\/v2\/media\/20047"}],"wp:attachment":[{"href":"https:\/\/ditchwitch-iberia.com\/pt-pt\/wp-json\/wp\/v2\/media?parent=20329"}],"curies":[{"name":"wp","href":"https:\/\/api.w.org\/{rel}","templated":true}]}}